{"id":9938,"date":"2025-10-01T13:08:33","date_gmt":"2025-10-01T11:08:33","guid":{"rendered":"https:\/\/sip4-inmobiliaria.com\/?page_id=9938"},"modified":"2025-10-01T13:16:53","modified_gmt":"2025-10-01T11:16:53","slug":"aviso-legal","status":"publish","type":"page","link":"https:\/\/sip4-inmobiliaria.com\/en\/aviso-legal\/","title":{"rendered":"Legal Notice"},"content":{"rendered":"<div data-elementor-type=\"wp-page\" data-elementor-id=\"9938\" class=\"elementor elementor-9938\" data-elementor-post-type=\"page\">\n\t\t\t\t<div class=\"elementor-element elementor-element-13004ea e-flex e-con-boxed e-con e-parent\" data-id=\"13004ea\" data-element_type=\"container\" data-e-type=\"container\" data-settings=\"{&quot;background_background&quot;:&quot;classic&quot;}\">\n\t\t\t\t\t<div class=\"e-con-inner\">\n\t\t<div class=\"elementor-element elementor-element-3a595aa e-con-full e-flex e-con e-child\" data-id=\"3a595aa\" data-element_type=\"container\" data-e-type=\"container\" data-settings=\"{&quot;background_background&quot;:&quot;classic&quot;}\">\n\t\t\t\t<div class=\"elementor-element elementor-element-7eb86e7 elementor-widget elementor-widget-heading\" data-id=\"7eb86e7\" data-element_type=\"widget\" data-e-type=\"widget\" data-widget_type=\"heading.default\">\n\t\t\t\t<div class=\"elementor-widget-container\">\n\t\t\t\t\t<h2 class=\"elementor-heading-title elementor-size-default\">LEGAL NOTICE\n<\/h2>\t\t\t\t<\/div>\n\t\t\t\t<\/div>\n\t\t\t\t<div class=\"elementor-element elementor-element-833e31b elementor-widget elementor-widget-text-editor\" data-id=\"833e31b\" data-element_type=\"widget\" data-e-type=\"widget\" data-widget_type=\"text-editor.default\">\n\t\t\t\t<div class=\"elementor-widget-container\">\n\t\t\t\t\t\t\t\t\t<p><span style=\"font-weight: 400;\">This website is owned by AGUST\u00cdN PACHECHO HERN\u00c1NDEZ, with NIF 43341719-J and address at Michelena 1, 6\u00ba D \u2013 36002, Pontevedra.<\/span><\/p><p><span style=\"font-weight: 400;\"><br><\/span><\/p>\n<p><span style=\"font-weight: 400;\">For any questions or proposals, please contact us at the email address: agustinpuma11@gmail.com&nbsp;&nbsp;&nbsp;&nbsp;&nbsp;&nbsp;<\/span><\/p>\n<p><span style=\"font-weight: 400;\">The website is governed by the regulations exclusively applicable in Spain and within the European Union, and both nationals and foreigners who use this website are subject to them.<\/span><\/p><p><span style=\"font-weight: 400;\"><br><\/span><\/p>\n<p><span style=\"font-weight: 400;\">Access to our website is free of charge and is conditional upon the prior reading and full, express, and unreserved acceptance of this Legal Notice, which is in effect at the time of access. Please read it carefully. By using our website and its content or services, the USER expressly accepts and agrees to these General Terms of Use. If the USER does not agree to these Terms of Use, they must refrain from using this website and its services.<\/span><\/p><p><span style=\"font-weight: 400;\"><br><\/span><\/p>\n<p><span style=\"font-weight: 400;\">At any time we may modify the presentation and configuration of our Website, expand or reduce services, and even remove it from the Internet, as well as the services and content provided, all unilaterally and without prior notice.<\/span><\/p>\t\t\t\t\t\t\t\t<\/div>\n\t\t\t\t<\/div>\n\t\t<div class=\"elementor-element elementor-element-48c2b2e e-con-full e-flex e-con e-child\" data-id=\"48c2b2e\" data-element_type=\"container\" data-e-type=\"container\">\n\t\t<div class=\"elementor-element elementor-element-6d166ba e-con-full e-flex e-con e-child\" data-id=\"6d166ba\" data-element_type=\"container\" data-e-type=\"container\">\n\t\t\t\t<div class=\"elementor-element elementor-element-5940f05 elementor-widget elementor-widget-heading\" data-id=\"5940f05\" data-element_type=\"widget\" data-e-type=\"widget\" data-widget_type=\"heading.default\">\n\t\t\t\t<div class=\"elementor-widget-container\">\n\t\t\t\t\t<h3 class=\"elementor-heading-title elementor-size-default\"><span style=\"font-weight:normal\"><span style=\"font-size: 11pt;font-family: Arial, sans-serif;color: rgb(0, 0, 0);background-color: transparent;font-weight: 700;vertical-align: baseline\">Intellectual Property<\/span><\/span><\/h3>\t\t\t\t<\/div>\n\t\t\t\t<\/div>\n\t\t\t\t<div class=\"elementor-element elementor-element-d0541bc elementor-widget elementor-widget-text-editor\" data-id=\"d0541bc\" data-element_type=\"widget\" data-e-type=\"widget\" data-widget_type=\"text-editor.default\">\n\t\t\t\t<div class=\"elementor-widget-container\">\n\t\t\t\t\t\t\t\t\t<p><span style=\"font-weight: 400;\">All content, text, images, trademarks and source code are our property or that of third parties from whom we have acquired the rights of exploitation, and are protected by the corresponding Intellectual and Industrial Property rights.<\/span><\/p><p><span style=\"font-weight: 400;\">The USER is only entitled to private, non-profit use of them, and will need express authorization to modify, reproduce, exploit, distribute or exercise any right belonging to their owner.<\/span><\/p>\t\t\t\t\t\t\t\t<\/div>\n\t\t\t\t<\/div>\n\t\t\t\t<\/div>\n\t\t<div class=\"elementor-element elementor-element-80a77de e-con-full e-flex e-con e-child\" data-id=\"80a77de\" data-element_type=\"container\" data-e-type=\"container\">\n\t\t\t\t<div class=\"elementor-element elementor-element-bd16dc8 elementor-widget elementor-widget-heading\" data-id=\"bd16dc8\" data-element_type=\"widget\" data-e-type=\"widget\" data-widget_type=\"heading.default\">\n\t\t\t\t<div class=\"elementor-widget-container\">\n\t\t\t\t\t<h3 class=\"elementor-heading-title elementor-size-default\"><span style=\"font-weight:normal\"><span style=\"font-size: 11pt;font-family: Arial, sans-serif;color: rgb(0, 0, 0);background-color: transparent;font-weight: 700;vertical-align: baseline\">General Terms of Use<\/span><\/span><\/h3>\t\t\t\t<\/div>\n\t\t\t\t<\/div>\n\t\t\t\t<div class=\"elementor-element elementor-element-5f1caac elementor-widget elementor-widget-text-editor\" data-id=\"5f1caac\" data-element_type=\"widget\" data-e-type=\"widget\" data-widget_type=\"text-editor.default\">\n\t\t\t\t<div class=\"elementor-widget-container\">\n\t\t\t\t\t\t\t\t\t<p><span style=\"font-weight: 400;\">Access to our website is free and does not require prior subscription or registration. Users must access the website in good faith, in accordance with public order regulations, and these General Terms of Use. Access to our website is at the user&#039;s own and exclusive risk, and the user shall refrain from using any of the services for illicit, prohibited, or harmful purposes or effects that infringe upon the rights of third parties, and shall be liable in all cases for any damages that may be caused to third parties or to us.<\/span><\/p><p><span style=\"font-weight: 400;\">\u00a0<\/span><\/p><p><span style=\"font-weight: 400;\">Given the impossibility of controlling the information, content, and services contained on other websites that may be accessed through links provided on our website, we hereby inform you that we are exempt from any liability for damages of any kind that may arise from the use of these external websites by the USER.<\/span><\/p><p><span style=\"font-weight: 400;\">\u00a0<\/span><\/p><p><span style=\"font-weight: 400;\">You can find out more about how we use your personal data in the <\/span><a href=\"http:\/\/sip4-inmobiliaria.com\/en\/politica-de-privacidad-y-cookies\/\"><span style=\"font-weight: 400;\">Privacy Policy<\/span><\/a><span style=\"font-weight: 400;\"> from our website.<\/span><\/p>\t\t\t\t\t\t\t\t<\/div>\n\t\t\t\t<\/div>\n\t\t\t\t<\/div>\n\t\t\t\t<\/div>\n\t\t\t\t<\/div>\n\t\t\t\t\t<\/div>\n\t\t\t\t<\/div>\n\t\t\t\t<\/div>","protected":false},"excerpt":{"rendered":"<p>AVISO LEGAL Esta p\u00e1gina web es propiedad de AGUST\u00cdN PACHECHO HERN\u00c1NDEZ, con NIF 43341719-J y domicilio en Michelena 1, 6\u00ba D \u2013 36002, Pontevedra. Para cualquier consulta o propuesta, cont\u00e1ctenos en el e-mail:&nbsp; agustinpuma11@gmail.com&nbsp;&nbsp;&nbsp;&nbsp;&nbsp;&nbsp; La p\u00e1gina web se rige por la normativa exclusivamente aplicable en Espa\u00f1a y en el espacio que comprende la Uni\u00f3n Europea, [&hellip;]<\/p>\n","protected":false},"author":253684476,"featured_media":0,"parent":0,"menu_order":0,"comment_status":"closed","ping_status":"closed","template":"","meta":{"_acf_changed":false,"_crdt_document":"","advanced_seo_description":"","jetpack_seo_html_title":"","jetpack_seo_noindex":false,"footnotes":""},"class_list":["post-9938","page","type-page","status-publish","hentry"],"acf":[],"jetpack_likes_enabled":true,"jetpack_sharing_enabled":true,"jetpack_shortlink":"https:\/\/wp.me\/PfW4av-2Ai","jetpack-related-posts":[{"id":9905,"url":"https:\/\/sip4-inmobiliaria.com\/en\/politica-de-privacidad-y-cookies\/","url_meta":{"origin":9938,"position":0},"title":"Pol\u00edtica de Privacidad y Cookies","author":"catherine cahilog","date":"October 1, 2025","format":false,"excerpt":"POL\u00cdTICA DE PRIVACIDAD Y COOKIES 1. Pol\u00edtica de Privacidad \u00bfQui\u00e9n es el responsable? AGUST\u00cdN PACHECHO HERN\u00c1NDEZPhone: +34 622 695 844 Postal Address: Michelena 1, 6\u00ba D \u2013 36002, Pontevedra E-mail: agustinpuma11@gmail.com NIF (Tax ID): 43341719-J \u00bfCu\u00e1l es la finalidad del conjunto de tratamientos? Realizar una labor informativa y de promoci\u00f3n\u2026","rel":"","context":"Similar post","block_context":{"text":"Similar post","link":""},"img":{"alt_text":"","src":"","width":0,"height":0},"classes":[]},{"id":9308,"url":"https:\/\/sip4-inmobiliaria.com\/en\/vende-tu-propiedad\/","url_meta":{"origin":9938,"position":1},"title":"Sell With Us","author":"catherine cahilog","date":"September 20, 2025","format":false,"excerpt":"Vende tu Propiedad con Nosotros Con 30 a\u00f1os de experiencia en el sector inmobiliario gallego, sabemos c\u00f3mo ayudarte a vender r\u00e1pido y al mejor precio. A\u00f1ade aqu\u00ed tu texto de cabecera Experiencia Local Know the Galician real estate market. Visibilidad M\u00e1xima Your property promoted widely Atenci\u00f3n Personalizada Close support throughout\u2026","rel":"","context":"Similar post","block_context":{"text":"Similar post","link":""},"img":{"alt_text":"","src":"https:\/\/i0.wp.com\/sip4-inmobiliaria.com\/wp-content\/uploads\/2025\/09\/clients-touring-office-space-with-real-estate-expert-discussing-property-layout.webp?resize=350%2C200&ssl=1","width":350,"height":200,"srcset":"https:\/\/i0.wp.com\/sip4-inmobiliaria.com\/wp-content\/uploads\/2025\/09\/clients-touring-office-space-with-real-estate-expert-discussing-property-layout.webp?resize=350%2C200&ssl=1 1x, https:\/\/i0.wp.com\/sip4-inmobiliaria.com\/wp-content\/uploads\/2025\/09\/clients-touring-office-space-with-real-estate-expert-discussing-property-layout.webp?resize=525%2C300&ssl=1 1.5x, https:\/\/i0.wp.com\/sip4-inmobiliaria.com\/wp-content\/uploads\/2025\/09\/clients-touring-office-space-with-real-estate-expert-discussing-property-layout.webp?resize=700%2C400&ssl=1 2x, https:\/\/i0.wp.com\/sip4-inmobiliaria.com\/wp-content\/uploads\/2025\/09\/clients-touring-office-space-with-real-estate-expert-discussing-property-layout.webp?resize=1050%2C600&ssl=1 3x, https:\/\/i0.wp.com\/sip4-inmobiliaria.com\/wp-content\/uploads\/2025\/09\/clients-touring-office-space-with-real-estate-expert-discussing-property-layout.webp?resize=1400%2C800&ssl=1 4x"},"classes":[]},{"id":1,"url":"https:\/\/sip4-inmobiliaria.com\/en\/about\/","url_meta":{"origin":9938,"position":2},"title":"About","author":"Sip4 Inmobiliaria","date":"July 27, 2024","format":false,"excerpt":"Sobre Nosotros Conectamos personas con hogares, ofreciendo confianza y experiencia en cada paso. Pasi\u00f3n por las Casas, Pasi\u00f3n por Galicia Mi nombre es Agust\u00edn Pacheco, canario de nacimiento, pero gallego de coraz\u00f3n. Desde hace 25 a\u00f1os trabajo en el sector inmobiliario y cada semana recorro cientos de kil\u00f3metros en un\u2026","rel":"","context":"Similar post","block_context":{"text":"Similar post","link":""},"img":{"alt_text":"","src":"https:\/\/i0.wp.com\/sip4-inmobiliaria.com\/wp-content\/uploads\/2024\/10\/Casa-Piedra-3.jpg?resize=350%2C200&ssl=1","width":350,"height":200,"srcset":"https:\/\/i0.wp.com\/sip4-inmobiliaria.com\/wp-content\/uploads\/2024\/10\/Casa-Piedra-3.jpg?resize=350%2C200&ssl=1 1x, https:\/\/i0.wp.com\/sip4-inmobiliaria.com\/wp-content\/uploads\/2024\/10\/Casa-Piedra-3.jpg?resize=525%2C300&ssl=1 1.5x, https:\/\/i0.wp.com\/sip4-inmobiliaria.com\/wp-content\/uploads\/2024\/10\/Casa-Piedra-3.jpg?resize=700%2C400&ssl=1 2x, https:\/\/i0.wp.com\/sip4-inmobiliaria.com\/wp-content\/uploads\/2024\/10\/Casa-Piedra-3.jpg?resize=1050%2C600&ssl=1 3x, https:\/\/i0.wp.com\/sip4-inmobiliaria.com\/wp-content\/uploads\/2024\/10\/Casa-Piedra-3.jpg?resize=1400%2C800&ssl=1 4x"},"classes":[]},{"id":4537,"url":"https:\/\/sip4-inmobiliaria.com\/en\/","url_meta":{"origin":9938,"position":3},"title":"Home \u2013 SIP4 Real Estate","author":"Sip4 Inmobiliaria","date":"November 1, 2024","format":false,"excerpt":"\u00a1Cont\u00e1giate del amor por el rural gallego y encuentra tu casa perfecta con nosotros! Encuentra o Vende tu Casa en Galicia Filters Price Price Min\u20ac5,000\u20ac10,000\u20ac25,000\u20ac50,000\u20ac75,000\u20ac100,000\u20ac125,000\u20ac150,000\u20ac175,000\u20ac200,000\u20ac300,000\u20ac400,000\u20ac500,000 Max\u20ac25,000\u20ac50,000\u20ac75,000\u20ac100,000\u20ac125,000\u20ac150,000\u20ac175,000\u20ac200,000\u20ac300,000\u20ac400,000\u20ac500,000\u20ac600,000\u20ac700,000\u20ac800,000\u20ac900,000\u20ac1,000,000\u20ac1,250,000\u20ac1,500,000 Type Type Casas Pisos Terrenos Bedrooms Bedrooms Any 1+ 2+ 3+ 4+ Bathrooms Bathrooms Any 1+ 2+ 3+ 4+ More filters Area, m\u00b2 No\u2026","rel":"","context":"Similar post","block_context":{"text":"Similar post","link":""},"img":{"alt_text":"","src":"https:\/\/i0.wp.com\/sip4-inmobiliaria.com\/wp-content\/uploads\/2024\/10\/Casa-piedar.jpg?resize=350%2C200&ssl=1","width":350,"height":200,"srcset":"https:\/\/i0.wp.com\/sip4-inmobiliaria.com\/wp-content\/uploads\/2024\/10\/Casa-piedar.jpg?resize=350%2C200&ssl=1 1x, https:\/\/i0.wp.com\/sip4-inmobiliaria.com\/wp-content\/uploads\/2024\/10\/Casa-piedar.jpg?resize=525%2C300&ssl=1 1.5x, https:\/\/i0.wp.com\/sip4-inmobiliaria.com\/wp-content\/uploads\/2024\/10\/Casa-piedar.jpg?resize=700%2C400&ssl=1 2x"},"classes":[]},{"id":23,"url":"https:\/\/sip4-inmobiliaria.com\/en\/services\/","url_meta":{"origin":9938,"position":4},"title":"Services","author":"Sip4 Inmobiliaria","date":"July 27, 2024","format":false,"excerpt":"Services Welcome to a world of limitless possibilities, where the journey is as exhilarating as the destination, and where every moment is an opportunity to make your mark on the canvas of existence. The only limit is the extent of your imagination. Create anything Navigating life's intricate fabric, choices unfold\u2026","rel":"","context":"Similar post","block_context":{"text":"Similar post","link":""},"img":{"alt_text":"","src":"","width":0,"height":0},"classes":[]}],"_links":{"self":[{"href":"https:\/\/sip4-inmobiliaria.com\/en\/wp-json\/wp\/v2\/pages\/9938","targetHints":{"allow":["GET"]}}],"collection":[{"href":"https:\/\/sip4-inmobiliaria.com\/en\/wp-json\/wp\/v2\/pages"}],"about":[{"href":"https:\/\/sip4-inmobiliaria.com\/en\/wp-json\/wp\/v2\/types\/page"}],"author":[{"embeddable":true,"href":"https:\/\/sip4-inmobiliaria.com\/en\/wp-json\/wp\/v2\/users\/253684476"}],"replies":[{"embeddable":true,"href":"https:\/\/sip4-inmobiliaria.com\/en\/wp-json\/wp\/v2\/comments?post=9938"}],"version-history":[{"count":4,"href":"https:\/\/sip4-inmobiliaria.com\/en\/wp-json\/wp\/v2\/pages\/9938\/revisions"}],"predecessor-version":[{"id":9942,"href":"https:\/\/sip4-inmobiliaria.com\/en\/wp-json\/wp\/v2\/pages\/9938\/revisions\/9942"}],"wp:attachment":[{"href":"https:\/\/sip4-inmobiliaria.com\/en\/wp-json\/wp\/v2\/media?parent=9938"}],"curies":[{"name":"wp","href":"https:\/\/api.w.org\/{rel}","templated":true}]}}