{"id":1,"date":"2024-07-27T12:57:57","date_gmt":"2024-07-27T12:57:57","guid":{"rendered":"http:\/\/sip4inmobiliaria4acd51513e.wpcomstaging.com\/?page_id=1"},"modified":"2026-01-13T08:11:47","modified_gmt":"2026-01-13T07:11:47","slug":"about","status":"publish","type":"page","link":"https:\/\/sip4-inmobiliaria.com\/en\/about\/","title":{"rendered":"About"},"content":{"rendered":"<div data-elementor-type=\"wp-page\" data-elementor-id=\"1\" class=\"elementor elementor-1\" data-elementor-post-type=\"page\">\n\t\t\t\t<div class=\"elementor-element elementor-element-2e28ecc e-con-full e-flex e-con e-parent\" data-id=\"2e28ecc\" data-element_type=\"container\" data-e-type=\"container\" data-settings=\"{&quot;background_background&quot;:&quot;classic&quot;}\">\n\t\t<div class=\"elementor-element elementor-element-4cad072 e-con-full e-flex e-con e-child\" data-id=\"4cad072\" data-element_type=\"container\" data-e-type=\"container\" data-settings=\"{&quot;background_background&quot;:&quot;classic&quot;}\">\n\t\t<div class=\"elementor-element elementor-element-4cce092 e-flex e-con-boxed elementor-invisible e-con e-child\" data-id=\"4cce092\" data-element_type=\"container\" data-e-type=\"container\" data-settings=\"{&quot;animation&quot;:&quot;fadeInUp&quot;,&quot;background_background&quot;:&quot;classic&quot;}\">\n\t\t\t\t\t<div class=\"e-con-inner\">\n\t\t\t\t<div class=\"elementor-element elementor-element-e414117 elementor-widget elementor-widget-heading\" data-id=\"e414117\" data-element_type=\"widget\" data-e-type=\"widget\" data-widget_type=\"heading.default\">\n\t\t\t\t<div class=\"elementor-widget-container\">\n\t\t\t\t\t<h2 class=\"elementor-heading-title elementor-size-default\">About Us<\/h2>\t\t\t\t<\/div>\n\t\t\t\t<\/div>\n\t\t\t\t<div class=\"elementor-element elementor-element-b50fc46 elementor-widget__width-initial elementor-widget-tablet__width-inherit elementor-widget elementor-widget-text-editor\" data-id=\"b50fc46\" data-element_type=\"widget\" data-e-type=\"widget\" data-widget_type=\"text-editor.default\">\n\t\t\t\t<div class=\"elementor-widget-container\">\n\t\t\t\t\t\t\t\t\t<p>We connect people with homes, offering trust and expertise every step of the way.<\/p>\t\t\t\t\t\t\t\t<\/div>\n\t\t\t\t<\/div>\n\t\t\t\t\t<\/div>\n\t\t\t\t<\/div>\n\t\t\t\t<\/div>\n\t\t\t\t<\/div>\n\t\t<div class=\"elementor-element elementor-element-20a0d06 e-flex e-con-boxed elementor-invisible e-con e-parent\" data-id=\"20a0d06\" data-element_type=\"container\" data-e-type=\"container\" data-settings=\"{&quot;background_background&quot;:&quot;classic&quot;,&quot;animation&quot;:&quot;fadeInUp&quot;}\">\n\t\t\t\t\t<div class=\"e-con-inner\">\n\t\t<div class=\"elementor-element elementor-element-b3ec5de e-con-full e-flex e-con e-child\" data-id=\"b3ec5de\" data-element_type=\"container\" data-e-type=\"container\">\n\t\t\t\t<div class=\"elementor-element elementor-element-16dc590 elementor-widget elementor-widget-heading\" data-id=\"16dc590\" data-element_type=\"widget\" data-e-type=\"widget\" data-widget_type=\"heading.default\">\n\t\t\t\t<div class=\"elementor-widget-container\">\n\t\t\t\t\t<h2 class=\"elementor-heading-title elementor-size-default\">Passion for the Houses, Passion for Galicia<\/h2>\t\t\t\t<\/div>\n\t\t\t\t<\/div>\n\t\t\t\t<\/div>\n\t\t<div class=\"elementor-element elementor-element-80acee4 e-con-full e-flex e-con e-child\" data-id=\"80acee4\" data-element_type=\"container\" data-e-type=\"container\">\n\t\t\t\t<div class=\"elementor-element elementor-element-cd8352b elementor-widget elementor-widget-text-editor\" data-id=\"cd8352b\" data-element_type=\"widget\" data-e-type=\"widget\" data-widget_type=\"text-editor.default\">\n\t\t\t\t<div class=\"elementor-widget-container\">\n\t\t\t\t\t\t\t\t\t<p>My name is Agust\u00edn Pacheco, born in the Canary Islands, but Galician at heart. For 25 years I&#039;ve worked in the real estate sector, and every week I travel hundreds of kilometers in a light blue Citro\u00ebn C3 visiting houses in the villages and towns of Galicia.<\/p>\t\t\t\t\t\t\t\t<\/div>\n\t\t\t\t<\/div>\n\t\t\t\t<div class=\"elementor-element elementor-element-2d77f0c elementor-widget elementor-widget-text-editor\" data-id=\"2d77f0c\" data-element_type=\"widget\" data-e-type=\"widget\" data-widget_type=\"text-editor.default\">\n\t\t\t\t<div class=\"elementor-widget-container\">\n\t\t\t\t\t\t\t\t\t<p>When I arrived from the Canary Islands, I came face to face with what I had dreamed of. It shocked me.<\/p>\t\t\t\t\t\t\t\t<\/div>\n\t\t\t\t<\/div>\n\t\t\t\t<\/div>\n\t\t\t\t\t<\/div>\n\t\t\t\t<\/div>\n\t\t<div class=\"elementor-element elementor-element-2c87971 e-flex e-con-boxed elementor-invisible e-con e-parent\" data-id=\"2c87971\" data-element_type=\"container\" data-e-type=\"container\" data-settings=\"{&quot;background_background&quot;:&quot;classic&quot;,&quot;animation&quot;:&quot;fadeInUp&quot;}\">\n\t\t\t\t\t<div class=\"e-con-inner\">\n\t\t<div class=\"elementor-element elementor-element-5daa5ce e-con-full e-flex e-con e-child\" data-id=\"5daa5ce\" data-element_type=\"container\" data-e-type=\"container\">\n\t\t\t\t<div class=\"elementor-element elementor-element-d551a03 elementor-widget elementor-widget-text-editor\" data-id=\"d551a03\" data-element_type=\"widget\" data-e-type=\"widget\" data-widget_type=\"text-editor.default\">\n\t\t\t\t<div class=\"elementor-widget-container\">\n\t\t\t\t\t\t\t\t\t<p>The rivers, the mountains, the railway, the storks, the men and women of the villages, often trapped by snow. I was struck by how they told me stories of their lives, how they lived off the animals and the land.<\/p>\t\t\t\t\t\t\t\t<\/div>\n\t\t\t\t<\/div>\n\t\t\t\t<div class=\"elementor-element elementor-element-ff81d14 elementor-widget elementor-widget-text-editor\" data-id=\"ff81d14\" data-element_type=\"widget\" data-e-type=\"widget\" data-widget_type=\"text-editor.default\">\n\t\t\t\t<div class=\"elementor-widget-container\">\n\t\t\t\t\t\t\t\t\t<p>Since I noticed that almost all real estate agencies focus on apartments and houses in cities, I thought, &quot;I&#039;m going to dedicate myself to selling where I feel passionate.&quot; All of that helped me sell in rural areas.<\/p>\t\t\t\t\t\t\t\t<\/div>\n\t\t\t\t<\/div>\n\t\t\t\t<div class=\"elementor-element elementor-element-992328b elementor-widget elementor-widget-text-editor\" data-id=\"992328b\" data-element_type=\"widget\" data-e-type=\"widget\" data-widget_type=\"text-editor.default\">\n\t\t\t\t<div class=\"elementor-widget-container\">\n\t\t\t\t\t\t\t\t\t<p>Each visit is unique. I visit houses that hold stories, where time seems to have stood still. Every day I see doors and windows that were once closed and are waiting for someone to open them again, to breathe life back into a house that sheltered a simple, hardworking life, full of dreams.<\/p>\t\t\t\t\t\t\t\t<\/div>\n\t\t\t\t<\/div>\n\t\t\t\t<div class=\"elementor-element elementor-element-8d1bddb elementor-widget elementor-widget-text-editor\" data-id=\"8d1bddb\" data-element_type=\"widget\" data-e-type=\"widget\" data-widget_type=\"text-editor.default\">\n\t\t\t\t<div class=\"elementor-widget-container\">\n\t\t\t\t\t\t\t\t\t<p>This is how I travel around Galicia every day. On this trip, visiting houses to promote them on social media and this website, I&#039;m accompanied by Olga and Oscar.<\/p>\t\t\t\t\t\t\t\t<\/div>\n\t\t\t\t<\/div>\n\t\t\t\t<div class=\"elementor-element elementor-element-55acbf7 elementor-widget elementor-widget-image\" data-id=\"55acbf7\" data-element_type=\"widget\" data-e-type=\"widget\" data-widget_type=\"image.default\">\n\t\t\t\t<div class=\"elementor-widget-container\">\n\t\t\t\t\t\t\t\t\t\t\t\t\t\t\t<img data-recalc-dims=\"1\" decoding=\"async\" src=\"https:\/\/i0.wp.com\/sip4-inmobiliaria.com\/wp-content\/uploads\/2025\/08\/Chantada5.webp?w=800&#038;ssl=1\" title=\"\" alt=\"\" loading=\"lazy\" \/>\t\t\t\t\t\t\t\t\t\t\t\t\t\t\t<\/div>\n\t\t\t\t<\/div>\n\t\t\t\t<\/div>\n\t\t<div class=\"elementor-element elementor-element-05a0b33 e-con-full e-flex e-con e-child\" data-id=\"05a0b33\" data-element_type=\"container\" data-e-type=\"container\">\n\t\t\t\t<div class=\"elementor-element elementor-element-b7acc4d elementor-widget elementor-widget-image\" data-id=\"b7acc4d\" data-element_type=\"widget\" data-e-type=\"widget\" data-widget_type=\"image.default\">\n\t\t\t\t<div class=\"elementor-widget-container\">\n\t\t\t\t\t\t\t\t\t\t\t\t\t\t\t<img fetchpriority=\"high\" decoding=\"async\" data-attachment-id=\"4484\" data-permalink=\"https:\/\/sip4-inmobiliaria.com\/en\/about\/casa-piedra-2\/\" data-orig-file=\"https:\/\/i0.wp.com\/sip4-inmobiliaria.com\/wp-content\/uploads\/2024\/10\/Casa-piedra-2.jpg?fit=1500%2C1125&amp;ssl=1\" data-orig-size=\"1500,1125\" data-comments-opened=\"1\" data-image-meta=\"{&quot;aperture&quot;:&quot;0&quot;,&quot;credit&quot;:&quot;&quot;,&quot;camera&quot;:&quot;&quot;,&quot;caption&quot;:&quot;&quot;,&quot;created_timestamp&quot;:&quot;0&quot;,&quot;copyright&quot;:&quot;&quot;,&quot;focal_length&quot;:&quot;0&quot;,&quot;iso&quot;:&quot;0&quot;,&quot;shutter_speed&quot;:&quot;0&quot;,&quot;title&quot;:&quot;&quot;,&quot;orientation&quot;:&quot;0&quot;}\" data-image-title=\"Casa piedra 2\" data-image-description=\"\" data-image-caption=\"\" data-large-file=\"https:\/\/i0.wp.com\/sip4-inmobiliaria.com\/wp-content\/uploads\/2024\/10\/Casa-piedra-2.jpg?fit=800%2C600&amp;ssl=1\" width=\"1500\" height=\"1125\" src=\"https:\/\/i0.wp.com\/sip4-inmobiliaria.com\/wp-content\/uploads\/2024\/10\/Casa-piedra-2.jpg?fit=1500%2C1125&amp;ssl=1\" class=\"attachment-full size-full wp-image-4484\" alt=\"\" srcset=\"https:\/\/i0.wp.com\/sip4-inmobiliaria.com\/wp-content\/uploads\/2024\/10\/Casa-piedra-2.jpg?w=1500&amp;ssl=1 1500w, https:\/\/i0.wp.com\/sip4-inmobiliaria.com\/wp-content\/uploads\/2024\/10\/Casa-piedra-2.jpg?resize=300%2C225&amp;ssl=1 300w, https:\/\/i0.wp.com\/sip4-inmobiliaria.com\/wp-content\/uploads\/2024\/10\/Casa-piedra-2.jpg?resize=1024%2C768&amp;ssl=1 1024w, https:\/\/i0.wp.com\/sip4-inmobiliaria.com\/wp-content\/uploads\/2024\/10\/Casa-piedra-2.jpg?resize=768%2C576&amp;ssl=1 768w, https:\/\/i0.wp.com\/sip4-inmobiliaria.com\/wp-content\/uploads\/2024\/10\/Casa-piedra-2.jpg?resize=1200%2C900&amp;ssl=1 1200w, https:\/\/i0.wp.com\/sip4-inmobiliaria.com\/wp-content\/uploads\/2024\/10\/Casa-piedra-2.jpg?resize=800%2C600&amp;ssl=1 800w, https:\/\/i0.wp.com\/sip4-inmobiliaria.com\/wp-content\/uploads\/2024\/10\/Casa-piedra-2.jpg?resize=600%2C450&amp;ssl=1 600w, https:\/\/i0.wp.com\/sip4-inmobiliaria.com\/wp-content\/uploads\/2024\/10\/Casa-piedra-2.jpg?resize=400%2C300&amp;ssl=1 400w, https:\/\/i0.wp.com\/sip4-inmobiliaria.com\/wp-content\/uploads\/2024\/10\/Casa-piedra-2.jpg?resize=200%2C150&amp;ssl=1 200w\" sizes=\"(max-width: 800px) 100vw, 800px\" \/>\t\t\t\t\t\t\t\t\t\t\t\t\t\t\t<\/div>\n\t\t\t\t<\/div>\n\t\t\t\t<div class=\"elementor-element elementor-element-4fa3313 elementor-widget elementor-widget-image\" data-id=\"4fa3313\" data-element_type=\"widget\" data-e-type=\"widget\" data-widget_type=\"image.default\">\n\t\t\t\t<div class=\"elementor-widget-container\">\n\t\t\t\t\t\t\t\t\t\t\t\t\t\t\t<img decoding=\"async\" data-attachment-id=\"4485\" data-permalink=\"https:\/\/sip4-inmobiliaria.com\/en\/about\/casa-piedra-3\/\" data-orig-file=\"https:\/\/i0.wp.com\/sip4-inmobiliaria.com\/wp-content\/uploads\/2024\/10\/Casa-Piedra-3.jpg?fit=1600%2C1200&amp;ssl=1\" data-orig-size=\"1600,1200\" data-comments-opened=\"1\" data-image-meta=\"{&quot;aperture&quot;:&quot;0&quot;,&quot;credit&quot;:&quot;&quot;,&quot;camera&quot;:&quot;&quot;,&quot;caption&quot;:&quot;&quot;,&quot;created_timestamp&quot;:&quot;0&quot;,&quot;copyright&quot;:&quot;&quot;,&quot;focal_length&quot;:&quot;0&quot;,&quot;iso&quot;:&quot;0&quot;,&quot;shutter_speed&quot;:&quot;0&quot;,&quot;title&quot;:&quot;&quot;,&quot;orientation&quot;:&quot;0&quot;}\" data-image-title=\"Casa Piedra 3\" data-image-description=\"\" data-image-caption=\"\" data-large-file=\"https:\/\/i0.wp.com\/sip4-inmobiliaria.com\/wp-content\/uploads\/2024\/10\/Casa-Piedra-3.jpg?fit=800%2C600&amp;ssl=1\" width=\"1600\" height=\"1200\" src=\"https:\/\/i0.wp.com\/sip4-inmobiliaria.com\/wp-content\/uploads\/2024\/10\/Casa-Piedra-3.jpg?fit=1600%2C1200&amp;ssl=1\" class=\"attachment-full size-full wp-image-4485\" alt=\"\" srcset=\"https:\/\/i0.wp.com\/sip4-inmobiliaria.com\/wp-content\/uploads\/2024\/10\/Casa-Piedra-3.jpg?w=1600&amp;ssl=1 1600w, https:\/\/i0.wp.com\/sip4-inmobiliaria.com\/wp-content\/uploads\/2024\/10\/Casa-Piedra-3.jpg?resize=300%2C225&amp;ssl=1 300w, https:\/\/i0.wp.com\/sip4-inmobiliaria.com\/wp-content\/uploads\/2024\/10\/Casa-Piedra-3.jpg?resize=1024%2C768&amp;ssl=1 1024w, https:\/\/i0.wp.com\/sip4-inmobiliaria.com\/wp-content\/uploads\/2024\/10\/Casa-Piedra-3.jpg?resize=768%2C576&amp;ssl=1 768w, https:\/\/i0.wp.com\/sip4-inmobiliaria.com\/wp-content\/uploads\/2024\/10\/Casa-Piedra-3.jpg?resize=1536%2C1152&amp;ssl=1 1536w, https:\/\/i0.wp.com\/sip4-inmobiliaria.com\/wp-content\/uploads\/2024\/10\/Casa-Piedra-3.jpg?resize=1200%2C900&amp;ssl=1 1200w, https:\/\/i0.wp.com\/sip4-inmobiliaria.com\/wp-content\/uploads\/2024\/10\/Casa-Piedra-3.jpg?resize=800%2C600&amp;ssl=1 800w, https:\/\/i0.wp.com\/sip4-inmobiliaria.com\/wp-content\/uploads\/2024\/10\/Casa-Piedra-3.jpg?resize=600%2C450&amp;ssl=1 600w, https:\/\/i0.wp.com\/sip4-inmobiliaria.com\/wp-content\/uploads\/2024\/10\/Casa-Piedra-3.jpg?resize=400%2C300&amp;ssl=1 400w, https:\/\/i0.wp.com\/sip4-inmobiliaria.com\/wp-content\/uploads\/2024\/10\/Casa-Piedra-3.jpg?resize=200%2C150&amp;ssl=1 200w\" sizes=\"(max-width: 800px) 100vw, 800px\" \/>\t\t\t\t\t\t\t\t\t\t\t\t\t\t\t<\/div>\n\t\t\t\t<\/div>\n\t\t\t\t<\/div>\n\t\t\t\t\t<\/div>\n\t\t\t\t<\/div>\n\t\t<div class=\"elementor-element elementor-element-90e53fc e-flex e-con-boxed elementor-invisible e-con e-parent\" data-id=\"90e53fc\" data-element_type=\"container\" data-e-type=\"container\" data-settings=\"{&quot;background_background&quot;:&quot;classic&quot;,&quot;animation&quot;:&quot;fadeInUp&quot;}\">\n\t\t\t\t\t<div class=\"e-con-inner\">\n\t\t<div class=\"elementor-element elementor-element-0b0be3f e-con-full e-flex e-con e-child\" data-id=\"0b0be3f\" data-element_type=\"container\" data-e-type=\"container\">\n\t\t\t\t<div class=\"elementor-element elementor-element-e5388a0 elementor-widget elementor-widget-image\" data-id=\"e5388a0\" data-element_type=\"widget\" data-e-type=\"widget\" data-widget_type=\"image.default\">\n\t\t\t\t<div class=\"elementor-widget-container\">\n\t\t\t\t\t\t\t\t\t\t\t\t\t\t\t<img decoding=\"async\" data-attachment-id=\"4482\" data-permalink=\"https:\/\/sip4-inmobiliaria.com\/en\/about\/casa-piedar\/\" data-orig-file=\"https:\/\/i0.wp.com\/sip4-inmobiliaria.com\/wp-content\/uploads\/2024\/10\/Casa-piedar.jpg?fit=768%2C1024&amp;ssl=1\" data-orig-size=\"768,1024\" data-comments-opened=\"1\" data-image-meta=\"{&quot;aperture&quot;:&quot;0&quot;,&quot;credit&quot;:&quot;&quot;,&quot;camera&quot;:&quot;&quot;,&quot;caption&quot;:&quot;&quot;,&quot;created_timestamp&quot;:&quot;0&quot;,&quot;copyright&quot;:&quot;&quot;,&quot;focal_length&quot;:&quot;0&quot;,&quot;iso&quot;:&quot;0&quot;,&quot;shutter_speed&quot;:&quot;0&quot;,&quot;title&quot;:&quot;&quot;,&quot;orientation&quot;:&quot;0&quot;}\" data-image-title=\"Casa piedar\" data-image-description=\"\" data-image-caption=\"\" data-large-file=\"https:\/\/i0.wp.com\/sip4-inmobiliaria.com\/wp-content\/uploads\/2024\/10\/Casa-piedar.jpg?fit=768%2C1024&amp;ssl=1\" width=\"768\" height=\"1024\" src=\"https:\/\/i0.wp.com\/sip4-inmobiliaria.com\/wp-content\/uploads\/2024\/10\/Casa-piedar.jpg?fit=768%2C1024&amp;ssl=1\" class=\"attachment-full size-full wp-image-4482\" alt=\"\" srcset=\"https:\/\/i0.wp.com\/sip4-inmobiliaria.com\/wp-content\/uploads\/2024\/10\/Casa-piedar.jpg?w=768&amp;ssl=1 768w, https:\/\/i0.wp.com\/sip4-inmobiliaria.com\/wp-content\/uploads\/2024\/10\/Casa-piedar.jpg?resize=225%2C300&amp;ssl=1 225w, https:\/\/i0.wp.com\/sip4-inmobiliaria.com\/wp-content\/uploads\/2024\/10\/Casa-piedar.jpg?resize=600%2C800&amp;ssl=1 600w, https:\/\/i0.wp.com\/sip4-inmobiliaria.com\/wp-content\/uploads\/2024\/10\/Casa-piedar.jpg?resize=450%2C600&amp;ssl=1 450w, https:\/\/i0.wp.com\/sip4-inmobiliaria.com\/wp-content\/uploads\/2024\/10\/Casa-piedar.jpg?resize=300%2C400&amp;ssl=1 300w, https:\/\/i0.wp.com\/sip4-inmobiliaria.com\/wp-content\/uploads\/2024\/10\/Casa-piedar.jpg?resize=150%2C200&amp;ssl=1 150w\" sizes=\"(max-width: 768px) 100vw, 768px\" \/>\t\t\t\t\t\t\t\t\t\t\t\t\t\t\t<\/div>\n\t\t\t\t<\/div>\n\t\t\t\t<\/div>\n\t\t<div class=\"elementor-element elementor-element-1d92c70 e-con-full e-flex e-con e-child\" data-id=\"1d92c70\" data-element_type=\"container\" data-e-type=\"container\">\n\t\t\t\t<div class=\"elementor-element elementor-element-444cee1 elementor-widget elementor-widget-heading\" data-id=\"444cee1\" data-element_type=\"widget\" data-e-type=\"widget\" data-widget_type=\"heading.default\">\n\t\t\t\t<div class=\"elementor-widget-container\">\n\t\t\t\t\t<h2 class=\"elementor-heading-title elementor-size-default\">Discover all the possibilities<\/h2>\t\t\t\t<\/div>\n\t\t\t\t<\/div>\n\t\t\t\t<div class=\"elementor-element elementor-element-c113698 elementor-widget elementor-widget-text-editor\" data-id=\"c113698\" data-element_type=\"widget\" data-e-type=\"widget\" data-widget_type=\"text-editor.default\">\n\t\t\t\t<div class=\"elementor-widget-container\">\n\t\t\t\t\t\t\t\t\tMany of our clients have left the hectic city life behind to buy a house in the Galician countryside, where they can breathe in tranquility and simplify their lives: in the countryside, they find everything they need. We have helped clients in Spain and from different parts of the world find their own piece of Galicia. Are you dreaming of a house in rural Galicia? We can help you!\t\t\t\t\t\t\t\t<\/div>\n\t\t\t\t<\/div>\n\t\t\t\t<div class=\"elementor-element elementor-element-5353000 elementor-widget elementor-widget-button\" data-id=\"5353000\" data-element_type=\"widget\" data-e-type=\"widget\" data-widget_type=\"button.default\">\n\t\t\t\t<div class=\"elementor-widget-container\">\n\t\t\t\t\t\t\t\t\t<div class=\"elementor-button-wrapper\">\n\t\t\t\t\t<a class=\"elementor-button elementor-button-link elementor-size-sm\" href=\"https:\/\/sip4inmobiliaria4acd51513e.wpcomstaging.com\/propiedades\/\">\n\t\t\t\t\t\t<span class=\"elementor-button-content-wrapper\">\n\t\t\t\t\t\t\t\t\t<span class=\"elementor-button-text\">View Properties<\/span>\n\t\t\t\t\t<\/span>\n\t\t\t\t\t<\/a>\n\t\t\t\t<\/div>\n\t\t\t\t\t\t\t\t<\/div>\n\t\t\t\t<\/div>\n\t\t\t\t<\/div>\n\t\t\t\t\t<\/div>\n\t\t\t\t<\/div>\n\t\t\t\t<\/div>","protected":false},"excerpt":{"rendered":"<p>Sobre Nosotros Conectamos personas con hogares, ofreciendo confianza y experiencia en cada paso. Pasi\u00f3n por las Casas, Pasi\u00f3n por Galicia Mi nombre es Agust\u00edn Pacheco, canario de nacimiento, pero gallego de coraz\u00f3n. Desde hace 25 a\u00f1os trabajo en el sector inmobiliario y cada semana recorro cientos de kil\u00f3metros en un Citro\u00ebn C3 de color celeste [&hellip;]<\/p>\n","protected":false},"author":253684465,"featured_media":0,"parent":0,"menu_order":0,"comment_status":"closed","ping_status":"open","template":"","meta":{"_acf_changed":false,"_crdt_document":"","advanced_seo_description":"","jetpack_seo_html_title":"","jetpack_seo_noindex":false,"footnotes":""},"class_list":["post-1","page","type-page","status-publish","hentry"],"acf":[],"jetpack_likes_enabled":true,"jetpack_sharing_enabled":true,"jetpack_shortlink":"https:\/\/wp.me\/PfW4av-1","jetpack-related-posts":[{"id":9308,"url":"https:\/\/sip4-inmobiliaria.com\/en\/vende-tu-propiedad\/","url_meta":{"origin":1,"position":0},"title":"Sell With Us","author":"catherine cahilog","date":"September 20, 2025","format":false,"excerpt":"Vende tu Propiedad con Nosotros Con 30 a\u00f1os de experiencia en el sector inmobiliario gallego, sabemos c\u00f3mo ayudarte a vender r\u00e1pido y al mejor precio. A\u00f1ade aqu\u00ed tu texto de cabecera Experiencia Local Know the Galician real estate market. Visibilidad M\u00e1xima Your property promoted widely Atenci\u00f3n Personalizada Close support throughout\u2026","rel":"","context":"Similar post","block_context":{"text":"Similar post","link":""},"img":{"alt_text":"","src":"https:\/\/i0.wp.com\/sip4-inmobiliaria.com\/wp-content\/uploads\/2025\/09\/clients-touring-office-space-with-real-estate-expert-discussing-property-layout.webp?resize=350%2C200&ssl=1","width":350,"height":200,"srcset":"https:\/\/i0.wp.com\/sip4-inmobiliaria.com\/wp-content\/uploads\/2025\/09\/clients-touring-office-space-with-real-estate-expert-discussing-property-layout.webp?resize=350%2C200&ssl=1 1x, https:\/\/i0.wp.com\/sip4-inmobiliaria.com\/wp-content\/uploads\/2025\/09\/clients-touring-office-space-with-real-estate-expert-discussing-property-layout.webp?resize=525%2C300&ssl=1 1.5x, https:\/\/i0.wp.com\/sip4-inmobiliaria.com\/wp-content\/uploads\/2025\/09\/clients-touring-office-space-with-real-estate-expert-discussing-property-layout.webp?resize=700%2C400&ssl=1 2x, https:\/\/i0.wp.com\/sip4-inmobiliaria.com\/wp-content\/uploads\/2025\/09\/clients-touring-office-space-with-real-estate-expert-discussing-property-layout.webp?resize=1050%2C600&ssl=1 3x, https:\/\/i0.wp.com\/sip4-inmobiliaria.com\/wp-content\/uploads\/2025\/09\/clients-touring-office-space-with-real-estate-expert-discussing-property-layout.webp?resize=1400%2C800&ssl=1 4x"},"classes":[]},{"id":4537,"url":"https:\/\/sip4-inmobiliaria.com\/en\/","url_meta":{"origin":1,"position":1},"title":"Home \u2013 SIP4 Real Estate","author":"Sip4 Inmobiliaria","date":"November 1, 2024","format":false,"excerpt":"\u00a1Cont\u00e1giate del amor por el rural gallego y encuentra tu casa perfecta con nosotros! Encuentra o Vende tu Casa en Galicia Filters Price Price Min\u20ac5,000\u20ac10,000\u20ac25,000\u20ac50,000\u20ac75,000\u20ac100,000\u20ac125,000\u20ac150,000\u20ac175,000\u20ac200,000\u20ac300,000\u20ac400,000\u20ac500,000 Max\u20ac25,000\u20ac50,000\u20ac75,000\u20ac100,000\u20ac125,000\u20ac150,000\u20ac175,000\u20ac200,000\u20ac300,000\u20ac400,000\u20ac500,000\u20ac600,000\u20ac700,000\u20ac800,000\u20ac900,000\u20ac1,000,000\u20ac1,250,000\u20ac1,500,000 Type Type Casas Pisos Terrenos Bedrooms Bedrooms Any 1+ 2+ 3+ 4+ Bathrooms Bathrooms Any 1+ 2+ 3+ 4+ More filters Area, m\u00b2 No\u2026","rel":"","context":"Similar post","block_context":{"text":"Similar post","link":""},"img":{"alt_text":"","src":"https:\/\/i0.wp.com\/sip4-inmobiliaria.com\/wp-content\/uploads\/2024\/10\/Casa-piedar.jpg?resize=350%2C200&ssl=1","width":350,"height":200,"srcset":"https:\/\/i0.wp.com\/sip4-inmobiliaria.com\/wp-content\/uploads\/2024\/10\/Casa-piedar.jpg?resize=350%2C200&ssl=1 1x, https:\/\/i0.wp.com\/sip4-inmobiliaria.com\/wp-content\/uploads\/2024\/10\/Casa-piedar.jpg?resize=525%2C300&ssl=1 1.5x, https:\/\/i0.wp.com\/sip4-inmobiliaria.com\/wp-content\/uploads\/2024\/10\/Casa-piedar.jpg?resize=700%2C400&ssl=1 2x"},"classes":[]},{"id":4473,"url":"https:\/\/sip4-inmobiliaria.com\/en\/propiedades\/","url_meta":{"origin":1,"position":2},"title":"Properties","author":"Sip4 Inmobiliaria","date":"October 20, 2024","format":false,"excerpt":"Price Min\u20ac5,000\u20ac10,000\u20ac25,000\u20ac50,000\u20ac75,000\u20ac100,000\u20ac125,000\u20ac150,000\u20ac175,000\u20ac200,000\u20ac300,000\u20ac400,000\u20ac500,000 Max\u20ac25,000\u20ac50,000\u20ac75,000\u20ac100,000\u20ac125,000\u20ac150,000\u20ac175,000\u20ac200,000\u20ac300,000\u20ac400,000\u20ac500,000\u20ac600,000\u20ac700,000\u20ac800,000\u20ac900,000\u20ac1,000,000\u20ac1,250,000\u20ac1,500,000 Category Alquiler con Opci\u00f3n a Compra Venta More filters Search Reset Propiedades 202 results Sort by NewestLowest priceHighest priceFeatured Save Larouco, Ourense \u20ac43,000 Larouco, Ourense Casa en venta en Larouco, Ourense\u2026\u2026. 43.000 \u20ac Casa con... 2 beds 1 bath Larouco, Ourense Save \u20ac43,000 Casas Venta Save Santiso,\u2026","rel":"","context":"Similar post","block_context":{"text":"Similar post","link":""},"img":{"alt_text":"","src":"","width":0,"height":0},"classes":[]},{"id":26,"url":"https:\/\/sip4-inmobiliaria.com\/en\/contact\/","url_meta":{"origin":1,"position":3},"title":"Contact","author":"Sip4 Inmobiliaria","date":"July 27, 2024","format":false,"excerpt":"Contacto Estamos aqu\u00ed para resolver tus dudas y ayudarte en cada paso del camino. C\u00f3mo Encontrarnos Michelena 1, Oficina 6 D, Pontevedra, Espa\u00f1a\u200b sip4inmobiliaria@gmail.com +34 644 17 34 66 Socials: Facebook Instagram Env\u00edanos un Mensaje Completa el formulario y nuestro equipo se pondr\u00e1 en contacto contigo en menos de 24\u2026","rel":"","context":"Similar post","block_context":{"text":"Similar post","link":""},"img":{"alt_text":"","src":"","width":0,"height":0},"classes":[]},{"id":9306,"url":"https:\/\/sip4-inmobiliaria.com\/en\/noticias\/","url_meta":{"origin":1,"position":4},"title":"News","author":"catherine cahilog","date":"September 20, 2025","format":false,"excerpt":"Noticias Mantente informado con las \u00faltimas novedades y tendencias del mercado inmobiliario en Galicia.","rel":"","context":"Similar post","block_context":{"text":"Similar post","link":""},"img":{"alt_text":"","src":"","width":0,"height":0},"classes":[]},{"id":8525,"url":"https:\/\/sip4-inmobiliaria.com\/en\/inmuebles\/","url_meta":{"origin":1,"position":5},"title":"Properties","author":"catherine cahilog","date":"September 6, 2025","format":false,"excerpt":"","rel":"","context":"Similar post","block_context":{"text":"Similar post","link":""},"img":{"alt_text":"","src":"","width":0,"height":0},"classes":[]}],"_links":{"self":[{"href":"https:\/\/sip4-inmobiliaria.com\/en\/wp-json\/wp\/v2\/pages\/1","targetHints":{"allow":["GET"]}}],"collection":[{"href":"https:\/\/sip4-inmobiliaria.com\/en\/wp-json\/wp\/v2\/pages"}],"about":[{"href":"https:\/\/sip4-inmobiliaria.com\/en\/wp-json\/wp\/v2\/types\/page"}],"author":[{"embeddable":true,"href":"https:\/\/sip4-inmobiliaria.com\/en\/wp-json\/wp\/v2\/users\/253684465"}],"replies":[{"embeddable":true,"href":"https:\/\/sip4-inmobiliaria.com\/en\/wp-json\/wp\/v2\/comments?post=1"}],"version-history":[{"count":54,"href":"https:\/\/sip4-inmobiliaria.com\/en\/wp-json\/wp\/v2\/pages\/1\/revisions"}],"predecessor-version":[{"id":17035,"href":"https:\/\/sip4-inmobiliaria.com\/en\/wp-json\/wp\/v2\/pages\/1\/revisions\/17035"}],"wp:attachment":[{"href":"https:\/\/sip4-inmobiliaria.com\/en\/wp-json\/wp\/v2\/media?parent=1"}],"curies":[{"name":"wp","href":"https:\/\/api.w.org\/{rel}","templated":true}]}}